{"id":9,"date":"2026-03-03T16:42:07","date_gmt":"2026-03-03T16:42:07","guid":{"rendered":"https:\/\/fportugueis.com.br\/?page_id=9"},"modified":"2026-05-06T22:44:18","modified_gmt":"2026-05-06T22:44:18","slug":"about","status":"publish","type":"page","link":"https:\/\/fportugueis.com.br\/?page_id=9","title":{"rendered":"Sobre mim"},"content":{"rendered":"\n<div class=\"wp-block-group alignfull has-global-padding is-layout-constrained wp-container-core-group-is-layout-83e10667 wp-block-group-is-layout-constrained\" style=\"margin-top:0px;margin-bottom:0px;padding-top:5rem;padding-bottom:5rem\">\n<div class=\"wp-block-columns alignwide is-layout-flex wp-container-core-columns-is-layout-70471cd1 wp-block-columns-is-layout-flex\">\n<div class=\"wp-block-column is-layout-flow wp-block-column-is-layout-flow\" style=\"flex-basis:50%\">\n<div class=\"wp-block-group alignwide is-nowrap is-layout-flex wp-container-core-group-is-layout-c0d7094d wp-block-group-is-layout-flex\">\n<figure class=\"wp-block-gallery has-nested-images columns-default is-cropped wp-block-gallery-1 is-layout-flex wp-block-gallery-is-layout-flex\">\n<figure class=\"wp-block-image size-full is-style-morphing\"><img loading=\"lazy\" decoding=\"async\" width=\"1122\" height=\"1402\" data-id=\"241\" src=\"https:\/\/fportugueis.com.br\/wp-content\/uploads\/2026\/05\/ChatGPT-Image-4-de-mai.-de-2026-22_16_47.png\" alt=\"\" class=\"wp-image-241\" style=\"object-fit:cover\" srcset=\"https:\/\/fportugueis.com.br\/wp-content\/uploads\/2026\/05\/ChatGPT-Image-4-de-mai.-de-2026-22_16_47.png 1122w, https:\/\/fportugueis.com.br\/wp-content\/uploads\/2026\/05\/ChatGPT-Image-4-de-mai.-de-2026-22_16_47-240x300.png 240w, https:\/\/fportugueis.com.br\/wp-content\/uploads\/2026\/05\/ChatGPT-Image-4-de-mai.-de-2026-22_16_47-819x1024.png 819w, https:\/\/fportugueis.com.br\/wp-content\/uploads\/2026\/05\/ChatGPT-Image-4-de-mai.-de-2026-22_16_47-768x960.png 768w, https:\/\/fportugueis.com.br\/wp-content\/uploads\/2026\/05\/ChatGPT-Image-4-de-mai.-de-2026-22_16_47-440x550.png 440w, https:\/\/fportugueis.com.br\/wp-content\/uploads\/2026\/05\/ChatGPT-Image-4-de-mai.-de-2026-22_16_47-680x850.png 680w\" sizes=\"auto, (max-width: 1122px) 100vw, 1122px\" \/><\/figure>\n<\/figure>\n<\/div>\n<\/div>\n\n\n\n<div class=\"wp-block-column is-layout-flow wp-container-core-column-is-layout-fc3c91ea wp-block-column-is-layout-flow\" style=\"flex-basis:50%\">\n<h4 class=\"wp-block-heading has-text-align-left is-style-core-style-3 has-accent-color has-text-color has-link-color wp-elements-4ba762402a29ed9855131ac695a1b8af\" style=\"margin-bottom:1rem\">Sobre mim<\/h4>\n\n\n\n<h2 class=\"wp-block-heading has-text-align-left\" style=\"margin-top:0px\">Oi eu sou a <mark style=\"background-color:rgba(0, 0, 0, 0)\" class=\"has-inline-color has-accent-color\">@fportugueis<\/mark> muito prazer. como voc\u00ea est\u00e1? \ud83d\udc4b<\/h2>\n\n\n\n<p class=\"has-heading-color has-text-color has-link-color wp-elements-1112eb26d7599d52ed21afe48065964a\"><strong>Fabiola Portugueis<\/strong> \u00e9 uma profissional com s\u00f3lida trajet\u00f3ria no universo da imagem, moda e comunica\u00e7\u00e3o, acumulando <strong>26 anos de experi\u00eancia<\/strong> nas \u00e1reas de <strong>fotojornalismo, moda, publicidade e constru\u00e7\u00e3o de imagem<\/strong>. Reconhecida pelo olhar apurado e pela sensibilidade est\u00e9tica, Fabiola construiu uma carreira marcada pela versatilidade, criatividade e forte atua\u00e7\u00e3o estrat\u00e9gica.<br>Atualmente, \u00e9 <strong>CEO e s\u00f3cia da Moda &amp; Assessoria<\/strong>, escrit\u00f3rio especializado em <strong>assessoria de imprensa, imagem e posicionamento de marca<\/strong>, atuando junto com sua esposa a Estilista e Pordutora de Moda Ynajara Raquel profissionais, artistas, empreendedores e projetos que buscam visibilidade, credibilidade e identidade no mercado. Seu trabalho conecta comunica\u00e7\u00e3o, moda e narrativa visual, sempre alinhado \u00e0s tend\u00eancias e \u00e0 ess\u00eancia de cada cliente.<br>Ao longo de sua trajet\u00f3ria, Fabiola participou de produ\u00e7\u00f5es editoriais, eventos, desfiles e projetos publicit\u00e1rios, transitando com naturalidade entre os bastidores e a linha de frente da comunica\u00e7\u00e3o. Seu repert\u00f3rio profissional reflete n\u00e3o apenas t\u00e9cnica, mas tamb\u00e9m leitura cultural, timing e estrat\u00e9gia \u2014 elementos fundamentais para quem deseja se destacar em um mercado cada vez mais competitivo.<\/p>\n\n\n\n<ul style=\"padding-left:1.2rem;line-height:2\" class=\"wp-block-list is-style-checkmark-list\">\n<li>Trabalhos fotogr\u00e1ficos<\/li>\n\n\n\n<li>Editorial de moda<\/li>\n\n\n\n<li>Exposi\u00e7\u00e3o<\/li>\n\n\n\n<li>Compositora<\/li>\n<\/ul>\n\n\n\n<div class=\"wp-block-buttons is-layout-flex wp-container-core-buttons-is-layout-dd8a773d wp-block-buttons-is-layout-flex\" style=\"padding-top:1rem\">\n<div class=\"wp-block-button is-btn-arrow\"><a class=\"wp-block-button__link wp-element-button\">Saiba mais<\/a><\/div>\n\n\n\n<div class=\"wp-block-button is-btn-arrow\"><a class=\"wp-block-button__link has-accent-background-color has-background wp-element-button\" href=\"https:\/\/fportugueis.com.br\/?page_id=10\">Entre em contato<\/a><\/div>\n<\/div>\n<\/div>\n<\/div>\n<\/div>\n\n\n\n<div class=\"wp-block-group alignfull has-global-padding is-layout-constrained wp-block-group-is-layout-constrained\" style=\"margin-top:0px;margin-bottom:0px;padding-top:2rem;padding-bottom:2rem\">\n<div class=\"wp-block-group alignwide is-layout-flow wp-block-group-is-layout-flow\" style=\"margin-top:0px;margin-bottom:0px\">\n<div class=\"wp-block-group is-layout-flow wp-container-core-group-is-layout-bead0917 wp-block-group-is-layout-flow has-background\" style=\"margin-top:0px;margin-bottom:0px;padding-top:0px;padding-right:0px;padding-bottom:0px;padding-left:0px;background-image:url(&apos;https:\/\/fportugueis.com.br\/wp-content\/themes\/blogsy\/assets\/images\/patterns\/cta-bg.webp&apos;);background-size:cover;\">\n<div class=\"wp-block-cover\" style=\"margin-top:0px;margin-bottom:0px;padding-top:3rem;padding-right:3rem;padding-bottom:3rem;padding-left:3rem;min-height:200px;aspect-ratio:unset;\"><span aria-hidden=\"true\" class=\"wp-block-cover__background has-black-background-color has-background-dim-70 has-background-dim\"><\/span><div class=\"wp-block-cover__inner-container is-layout-flow wp-block-cover-is-layout-flow\">\n<div class=\"wp-block-group is-layout-flex wp-block-group-is-layout-flex\">\n<div class=\"wp-block-group wp-container-content-9cfa9a5a is-layout-flow wp-container-core-group-is-layout-d6743c7d wp-block-group-is-layout-flow\">\n<p class=\"has-text-align-left pt-d-inline-block has-accent-background-color has-text-color has-background has-link-color wp-elements-f393348d7317c42f68dddd04711ba337\" style=\"border-top-left-radius:3px;border-top-right-radius:3px;border-bottom-left-radius:3px;border-bottom-right-radius:3px;color:#fbfbfb;margin-bottom:12px;padding-top:5px;padding-right:12px;padding-bottom:5px;padding-left:12px\">FOTOBOOK<\/p>\n\n\n\n<h1 class=\"wp-block-heading has-text-align-left has-text-color has-link-color wp-elements-1333c6727335bd6d790175f2f27d0948\" style=\"color:#fbfbfb;margin-bottom:5px;font-style:normal;font-weight:700\">Precisa renovar seu <mark style=\"background-color:rgba(0, 0, 0, 0);color:#7bdcb5\" class=\"has-inline-color aos-zoom-in\">material fotogr\u00e1fico<\/mark> ?<\/h1>\n<\/div>\n\n\n\n<div class=\"wp-block-buttons is-content-justification-left is-layout-flex wp-container-core-buttons-is-layout-fc4fd283 wp-block-buttons-is-layout-flex\">\n<div class=\"wp-block-button is-style-outline is-style-outline--2\"><a class=\"wp-block-button__link has-text-color has-link-color wp-element-button\" style=\"color:#fbfbfb\">Chama no whatsapp<\/a><\/div>\n<\/div>\n<\/div>\n<\/div><\/div>\n<\/div>\n\n\n\n<p class=\"has-text-align-left\" style=\"margin-top:5px;margin-bottom:0px;font-size:1.8rem;letter-spacing:2px;text-transform:uppercase\">propaganda<\/p>\n<\/div>\n<\/div>\n\n\n\n<div class=\"wp-block-group alignwide is-layout-flow wp-block-group-is-layout-flow\" style=\"padding-top:3rem;padding-bottom:3rem\">\n<h1 class=\"wp-block-heading has-text-align-center\" style=\"margin-top:0px;margin-bottom:0rem\">\n\tWhat Makes Us <mark style=\"background-color:rgba(0, 0, 0, 0)\" class=\"has-inline-color has-accent-color\">Different<\/mark><\/h1>\n\n\n\n<hr class=\"wp-block-separator has-text-color has-border-color-color has-alpha-channel-opacity has-border-color-background-color has-background\" style=\"margin-top:10px;margin-bottom:4.5rem\"\/>\n\n\n\n<div class=\"wp-block-group is-nowrap is-layout-flex wp-container-core-group-is-layout-f9b67b64 wp-block-group-is-layout-flex\" style=\"margin-top:0px;margin-bottom:5rem\">\n<figure class=\"wp-block-image size-full has-custom-border\"><img decoding=\"async\" src=\"https:\/\/fportugueis.com.br\/wp-content\/themes\/blogsy\/assets\/images\/patterns\/laptop.webp\" alt=\"\" class=\"wp-image-28075\" style=\"border-radius:1.6rem;aspect-ratio:3\/4;object-fit:cover\"\/><\/figure>\n\n\n\n<figure class=\"wp-block-image size-full has-custom-border\"><img decoding=\"async\" src=\"https:\/\/fportugueis.com.br\/wp-content\/themes\/blogsy\/assets\/images\/patterns\/love-hearts.webp\" alt=\"\" class=\"wp-image-28076\" style=\"border-radius:1.6rem;aspect-ratio:2\/3;object-fit:cover\"\/><\/figure>\n\n\n\n<figure class=\"wp-block-image size-full has-custom-border\"><img decoding=\"async\" src=\"https:\/\/fportugueis.com.br\/wp-content\/themes\/blogsy\/assets\/images\/patterns\/interior-decor.webp\" alt=\"\" class=\"wp-image-28074\" style=\"border-radius:1.6rem;aspect-ratio:3\/4;object-fit:cover\"\/><\/figure>\n<\/div>\n\n\n\n<div class=\"wp-block-group has-global-padding is-layout-constrained wp-container-core-group-is-layout-48dbd97c wp-block-group-is-layout-constrained\" style=\"padding-right:0px;padding-left:0px\">\n<p class=\"has-heading-color has-text-color has-link-color has-medium-font-size wp-elements-5c7d9399db8dd06e474d3ff90d83142c\">Nas redes sociais, especialmente no Instagram <strong>@fportugueis<\/strong>, compartilha registros de trabalhos, bastidores, eventos e projetos, refor\u00e7ando sua presen\u00e7a como refer\u00eancia em imagem, moda e assessoria, al\u00e9m de inspirar profissionais e marcas que valorizam autenticidade, estrat\u00e9gia e posicionamento.<\/p>\n\n\n\n<p class=\"has-medium-font-size\">Ao longo de sua trajet\u00f3ria, <strong>Fabiola Portugueis realizou exposi\u00e7\u00f5es no Brasil e na Europa<\/strong>, ampliando seu olhar art\u00edstico e consolidando sua atua\u00e7\u00e3o tamb\u00e9m no campo cultural e visual. Atuou ainda ao lado de sua grande amiga, a saudosa <strong>Liana Obata<\/strong>, produtora reconhecida no meio art\u00edstico, parceria que marcou sua caminhada profissional com projetos relevantes, sensibilidade criativa e forte conex\u00e3o humana.<\/p>\n\n\n\n<p class=\"has-heading-color has-text-color has-link-color has-medium-font-size wp-elements-8c445f3c350ace04b9f5012022438796\" style=\"margin-top:2.4rem\">Com uma carreira constru\u00edda na pr\u00e1tica e na experi\u00eancia, Fabiola Portugueis segue fortalecendo conex\u00f5es, criando narrativas visuais consistentes e contribuindo para o crescimento e a visibilidade de marcas e pessoas que acreditam no poder da comunica\u00e7\u00e3o bem-feita.<\/p>\n<\/div>\n<\/div>\n\n\n\n<div class=\"wp-block-group alignfull has-global-padding is-layout-constrained wp-container-core-group-is-layout-696d98c8 wp-block-group-is-layout-constrained\" style=\"padding-top:2rem;padding-right:1.5rem;padding-bottom:2rem;padding-left:1.5rem\">\n<div class=\"wp-block-columns alignwide is-layout-flex wp-container-core-columns-is-layout-28f84493 wp-block-columns-is-layout-flex\">\n<div class=\"wp-block-column is-layout-flow wp-block-column-is-layout-flow\" style=\"flex-basis:100%\">\n<div class=\"wp-block-group has-card-bg-background-color has-background has-global-padding is-layout-constrained wp-container-core-group-is-layout-ef38b79b wp-block-group-is-layout-constrained\" style=\"border-radius:16px;padding-top:4rem;padding-right:4rem;padding-bottom:4rem;padding-left:4rem;box-shadow:var(--wp--preset--shadow--standard)\">\n<figure class=\"wp-block-image size-full is-resized\"><img decoding=\"async\" src=\"https:\/\/fportugueis.com.br\/wp-content\/themes\/blogsy\/assets\/images\/patterns\/info-icon-01.webp\" alt=\"\" class=\"wp-image-485\" style=\"width:40px\"\/><\/figure>\n\n\n\n<h4 class=\"wp-block-heading\" style=\"margin-top:28px;margin-bottom:8px\">Innovative Excellence<\/h4>\n\n\n\n<p>Lorem ipsum dolor sit amet, consectetur adipiscing elit. Sed do eiusmod tempor.<\/p>\n<\/div>\n<\/div>\n\n\n\n<div class=\"wp-block-column is-layout-flow wp-block-column-is-layout-flow\" style=\"flex-basis:100%\">\n<div class=\"wp-block-group has-card-bg-background-color has-background has-global-padding is-layout-constrained wp-container-core-group-is-layout-ef38b79b wp-block-group-is-layout-constrained\" style=\"border-radius:16px;padding-top:4rem;padding-right:4rem;padding-bottom:4rem;padding-left:4rem;box-shadow:var(--wp--preset--shadow--standard)\">\n<figure class=\"wp-block-image size-full is-resized\"><img decoding=\"async\" src=\"https:\/\/fportugueis.com.br\/wp-content\/themes\/blogsy\/assets\/images\/patterns\/info-icon-02.webp\" alt=\"\" class=\"wp-image-486\" style=\"width:40px\"\/><\/figure>\n\n\n\n<h4 class=\"wp-block-heading\" style=\"margin-top:28px;margin-bottom:8px\">Community Focus<\/h4>\n\n\n\n<p>Lorem ipsum dolor sit amet, consectetur adipiscing elit. Sed do eiusmod tempor.<\/p>\n<\/div>\n<\/div>\n\n\n\n<div class=\"wp-block-column is-layout-flow wp-block-column-is-layout-flow\" style=\"flex-basis:100%\">\n<div class=\"wp-block-group has-card-bg-background-color has-background has-global-padding is-layout-constrained wp-container-core-group-is-layout-ef38b79b wp-block-group-is-layout-constrained\" style=\"border-radius:16px;padding-top:4rem;padding-right:4rem;padding-bottom:4rem;padding-left:4rem;box-shadow:var(--wp--preset--shadow--standard)\">\n<figure class=\"wp-block-image size-full is-resized\"><img decoding=\"async\" src=\"https:\/\/fportugueis.com.br\/wp-content\/themes\/blogsy\/assets\/images\/patterns\/info-icon-03.webp\" alt=\"\" class=\"wp-image-487\" style=\"width:40px\"\/><\/figure>\n\n\n\n<h4 class=\"wp-block-heading\" style=\"margin-top:28px;margin-bottom:8px\">Agile &amp; Adaptive<\/h4>\n\n\n\n<p>Lorem ipsum dolor sit amet, consectetur adipiscing elit. Sed do eiusmod tempor.<\/p>\n<\/div>\n<\/div>\n<\/div>\n<\/div>\n\n\n\n<div style=\"height:20px\" aria-hidden=\"true\" class=\"wp-block-spacer\"><\/div>\n","protected":false},"excerpt":{"rendered":"<p>Sobre mim Oi eu sou a @fportugueis muito prazer. como voc\u00ea est\u00e1? \ud83d\udc4b Fabiola Portugueis \u00e9 uma profissional com s\u00f3lida trajet\u00f3ria no universo da imagem, moda e comunica\u00e7\u00e3o, acumulando 26 anos de experi\u00eancia nas \u00e1reas de fotojornalismo, moda, publicidade e constru\u00e7\u00e3o de imagem. Reconhecida pelo olhar apurado e pela sensibilidade est\u00e9tica, Fabiola construiu uma carreira [&hellip;]<\/p>\n","protected":false},"author":1,"featured_media":241,"parent":0,"menu_order":0,"comment_status":"closed","ping_status":"closed","template":"full-width-template.php","meta":{"footnotes":""},"class_list":["post-9","page","type-page","status-publish","has-post-thumbnail","hentry"],"_links":{"self":[{"href":"https:\/\/fportugueis.com.br\/index.php?rest_route=\/wp\/v2\/pages\/9","targetHints":{"allow":["GET"]}}],"collection":[{"href":"https:\/\/fportugueis.com.br\/index.php?rest_route=\/wp\/v2\/pages"}],"about":[{"href":"https:\/\/fportugueis.com.br\/index.php?rest_route=\/wp\/v2\/types\/page"}],"author":[{"embeddable":true,"href":"https:\/\/fportugueis.com.br\/index.php?rest_route=\/wp\/v2\/users\/1"}],"replies":[{"embeddable":true,"href":"https:\/\/fportugueis.com.br\/index.php?rest_route=%2Fwp%2Fv2%2Fcomments&post=9"}],"version-history":[{"count":5,"href":"https:\/\/fportugueis.com.br\/index.php?rest_route=\/wp\/v2\/pages\/9\/revisions"}],"predecessor-version":[{"id":243,"href":"https:\/\/fportugueis.com.br\/index.php?rest_route=\/wp\/v2\/pages\/9\/revisions\/243"}],"wp:featuredmedia":[{"embeddable":true,"href":"https:\/\/fportugueis.com.br\/index.php?rest_route=\/wp\/v2\/media\/241"}],"wp:attachment":[{"href":"https:\/\/fportugueis.com.br\/index.php?rest_route=%2Fwp%2Fv2%2Fmedia&parent=9"}],"curies":[{"name":"wp","href":"https:\/\/api.w.org\/{rel}","templated":true}]}}